{"id":1002,"date":"2023-11-06T21:55:43","date_gmt":"2023-11-07T00:55:43","guid":{"rendered":"https:\/\/rentica.com.ar\/?page_id=1002"},"modified":"2023-11-08T21:38:03","modified_gmt":"2023-11-09T00:38:03","slug":"preguntas-frecuentes","status":"publish","type":"page","link":"https:\/\/rentica.com.ar\/index.php\/preguntas-frecuentes\/","title":{"rendered":"Preguntas Frecuentes"},"content":{"rendered":"<p>[et_pb_section fb_built=\u00bb1&#8243; _builder_version=\u00bb4.23&#8243; _module_preset=\u00bbdefault\u00bb custom_padding=\u00bb0px||3px|||\u00bb global_colors_info=\u00bb{}\u00bb][et_pb_row _builder_version=\u00bb4.23&#8243; _module_preset=\u00bbdefault\u00bb width=\u00bb100%\u00bb max_width=\u00bb1403px\u00bb global_colors_info=\u00bb{}\u00bb][et_pb_column type=\u00bb4_4&#8243; _builder_version=\u00bb4.23&#8243; _module_preset=\u00bbdefault\u00bb global_colors_info=\u00bb{}\u00bb][et_pb_image src=\u00bbhttps:\/\/rentica.com.ar\/wp-content\/uploads\/2023\/11\/Puerto_Madero_Buenos_Aires_40689219792_cropped-scaled.jpeg\u00bb title_text=\u00bbPuerto_Madero,_Buenos_Aires_(40689219792)_(cropped)\u00bb _builder_version=\u00bb4.23&#8243; _module_preset=\u00bbdefault\u00bb global_colors_info=\u00bb{}\u00bb][\/et_pb_image][\/et_pb_column][\/et_pb_row][\/et_pb_section][et_pb_section fb_built=\u00bb1&#8243; fullwidth=\u00bbon\u00bb disabled_on=\u00bboff|off|on\u00bb admin_label=\u00bbPage Header\u00bb _builder_version=\u00bb4.23&#8243; background_color=\u00bb#03035a\u00bb background_enable_image=\u00bboff\u00bb parallax=\u00bbon\u00bb animation_direction=\u00bbtop\u00bb global_colors_info=\u00bb{}\u00bb][et_pb_fullwidth_header title=\u00bbPreguntas Frequentes\u00bb _builder_version=\u00bb4.23&#8243; _module_preset=\u00bbdefault\u00bb title_font=\u00bbMontserrat|800|||||||\u00bb title_text_align=\u00bbcenter\u00bb title_line_height=\u00bb1.1em\u00bb global_colors_info=\u00bb{}\u00bb][\/et_pb_fullwidth_header][\/et_pb_section][et_pb_section fb_built=\u00bb1&#8243; fullwidth=\u00bbon\u00bb disabled_on=\u00bbon|on|off\u00bb admin_label=\u00bbPage Header\u00bb _builder_version=\u00bb4.23&#8243; background_color=\u00bb#03035a\u00bb background_enable_image=\u00bboff\u00bb parallax=\u00bbon\u00bb animation_direction=\u00bbtop\u00bb global_colors_info=\u00bb{}\u00bb][et_pb_fullwidth_header title=\u00bbPreguntas Frecuentes\u00bb text_orientation=\u00bbcenter\u00bb admin_label=\u00bbHero Section\u00bb _builder_version=\u00bb4.23&#8243; title_font=\u00bbMontserrat|on|||\u00bb title_text_align=\u00bbcenter\u00bb title_font_size=\u00bb60px\u00bb title_line_height=\u00bb1.4em\u00bb content_text_align=\u00bbcenter\u00bb content_font_size=\u00bb22px\u00bb content_line_height=\u00bb1.8em\u00bb subhead_font=\u00bb||||\u00bb subhead_text_align=\u00bbcenter\u00bb background_color=\u00bbrgba(255, 255, 255, 0)\u00bb use_background_color_gradient=\u00bbon\u00bb background_color_gradient_stops=\u00bbrgba(58,52,226,0.93) 0%|rgba(73,108,220,0.7) 100%\u00bb background_color_gradient_start=\u00bbrgba(58,52,226,0.93)\u00bb background_color_gradient_end=\u00bbrgba(73,108,220,0.7)\u00bb custom_button_one=\u00bbon\u00bb button_one_text_size=\u00bb16px\u00bb button_one_bg_color=\u00bb#6eba01&#8243; button_one_border_width=\u00bb2px\u00bb button_one_border_color=\u00bb#6eba01&#8243; button_one_border_radius=\u00bb0&#8243; button_one_letter_spacing=\u00bb2&#8243; button_one_font=\u00bbMontserrat|||on|\u00bb button_one_use_icon=\u00bboff\u00bb custom_button_two=\u00bbon\u00bb button_two_text_size=\u00bb16px\u00bb button_two_border_width=\u00bb2px\u00bb button_two_border_color=\u00bb#ffffff\u00bb button_two_border_radius=\u00bb0&#8243; button_two_letter_spacing=\u00bb2&#8243; button_two_font=\u00bbMontserrat|||on|\u00bb button_two_use_icon=\u00bboff\u00bb module_alignment=\u00bbcenter\u00bb custom_margin=\u00bb-9px|||||\u00bb custom_padding=\u00bb30px|||||\u00bb animation_style=\u00bbfade\u00bb title_font_size_tablet=\u00bb\u00bb title_font_size_phone=\u00bb35px\u00bb title_font_size_last_edited=\u00bbon|phone\u00bb button_one_text_color_hover=\u00bb#6eba01&#8243; button_two_text_color_hover=\u00bb#6eba01&#8243; button_one_border_color_hover=\u00bb#ffffff\u00bb button_two_border_color_hover=\u00bb#ffffff\u00bb button_one_border_radius_hover=\u00bb0&#8243; button_two_border_radius_hover=\u00bb0&#8243; button_one_letter_spacing_hover=\u00bb2&#8243; button_two_letter_spacing_hover=\u00bb2&#8243; button_one_bg_color_hover=\u00bb#ffffff\u00bb button_two_bg_color_hover=\u00bb#ffffff\u00bb global_colors_info=\u00bb{}\u00bb button_one_text_size__hover_enabled=\u00bboff\u00bb button_two_text_size__hover_enabled=\u00bboff\u00bb button_one_text_color__hover_enabled=\u00bbon\u00bb button_one_text_color__hover=\u00bb#6eba01&#8243; button_two_text_color__hover_enabled=\u00bbon\u00bb button_two_text_color__hover=\u00bb#6eba01&#8243; button_one_border_width__hover_enabled=\u00bboff\u00bb button_two_border_width__hover_enabled=\u00bboff\u00bb button_one_border_color__hover_enabled=\u00bbon\u00bb button_one_border_color__hover=\u00bb#ffffff\u00bb button_two_border_color__hover_enabled=\u00bbon\u00bb button_two_border_color__hover=\u00bb#ffffff\u00bb button_one_border_radius__hover_enabled=\u00bbon\u00bb button_one_border_radius__hover=\u00bb0&#8243; button_two_border_radius__hover_enabled=\u00bbon\u00bb button_two_border_radius__hover=\u00bb0&#8243; button_one_letter_spacing__hover_enabled=\u00bbon\u00bb button_one_letter_spacing__hover=\u00bb2&#8243; button_two_letter_spacing__hover_enabled=\u00bbon\u00bb button_two_letter_spacing__hover=\u00bb2&#8243; button_one_bg_color__hover_enabled=\u00bbon\u00bb button_one_bg_color__hover=\u00bb#ffffff\u00bb button_two_bg_color__hover_enabled=\u00bbon\u00bb button_two_bg_color__hover=\u00bb#ffffff\u00bb][\/et_pb_fullwidth_header][\/et_pb_section][et_pb_section fb_built=\u00bb1&#8243; admin_label=\u00bbFAQ Section\u00bb _builder_version=\u00bb4.23&#8243; background_color=\u00bb#c0c0d6&#8243; background_position=\u00bbbottom_center\u00bb custom_margin=\u00bb17px|||||\u00bb custom_padding=\u00bb90px|0px|90px|\u00bb global_colors_info=\u00bb{}\u00bb][et_pb_row column_structure=\u00bb1_2,1_2&#8243; admin_label=\u00bbFAQ Area\u00bb _builder_version=\u00bb4.16&#8243; global_colors_info=\u00bb{}\u00bb][et_pb_column type=\u00bb1_2&#8243; _builder_version=\u00bb4.16&#8243; custom_padding=\u00bb|||\u00bb global_colors_info=\u00bb{}\u00bb custom_padding__hover=\u00bb|||\u00bb][et_pb_text admin_label=\u00bbTitle\u00bb _builder_version=\u00bb4.23&#8243; text_font=\u00bbPoppins||||||||\u00bb text_text_color=\u00bb#03035a\u00bb text_font_size=\u00bb16px\u00bb text_line_height=\u00bb1.8em\u00bb header_font=\u00bb||||||||\u00bb header_2_font=\u00bbPoppins||||||||\u00bb header_2_font_size=\u00bb22px\u00bb header_2_line_height=\u00bb1.4em\u00bb background_color=\u00bb#03035a\u00bb background_layout=\u00bbdark\u00bb custom_margin=\u00bb|||\u00bb custom_padding=\u00bb0px|||||\u00bb animation_style=\u00bbfade\u00bb global_colors_info=\u00bb{}\u00bb]<\/p>\n<h2><span style=\"color: #ffffff;\">\u00bfQu\u00e9 medios utilizar\u00e1n para concretar el alquiler?<\/span><\/h2>\n<p><span style=\"color: #ffffff;\">Se publicar\u00e1 por la plataforma Airbnb y otras plataformas de alquiler temporario.<\/span><\/p>\n<p>[\/et_pb_text][et_pb_text admin_label=\u00bbTitle\u00bb _builder_version=\u00bb4.16&#8243; text_font=\u00bbPoppins||||||||\u00bb text_text_color=\u00bbrgba(255,255,255,0.7)\u00bb text_font_size=\u00bb16px\u00bb text_line_height=\u00bb1.8em\u00bb header_font=\u00bb||||||||\u00bb header_2_font=\u00bbPoppins||||||||\u00bb header_2_font_size=\u00bb22px\u00bb header_2_line_height=\u00bb1.4em\u00bb background_layout=\u00bbdark\u00bb custom_margin=\u00bb|||\u00bb custom_padding=\u00bb||0px|||\u00bb animation_style=\u00bbfade\u00bb global_colors_info=\u00bb{}\u00bb]<\/p>\n<h2><span style=\"color: #03035a;\">\u00bfTengo que abrir una cuenta en las diferentes plataformas?<\/span><\/h2>\n<p><span style=\"color: #03035a;\">No, publicamos todo en nuestra cuenta y mensualmente realizamos la rendici\u00f3n de tu unidad.<\/span><\/p>\n<p>[\/et_pb_text][et_pb_text admin_label=\u00bbTitle\u00bb _builder_version=\u00bb4.23&#8243; text_font=\u00bbPoppins||||||||\u00bb text_text_color=\u00bbrgba(255,255,255,0.7)\u00bb text_font_size=\u00bb16px\u00bb text_line_height=\u00bb1.8em\u00bb header_font=\u00bb||||||||\u00bb header_2_font=\u00bbPoppins||||||||\u00bb header_2_font_size=\u00bb22px\u00bb header_2_line_height=\u00bb1.4em\u00bb background_color=\u00bb#03035a\u00bb background_layout=\u00bbdark\u00bb custom_margin=\u00bb|||\u00bb custom_padding=\u00bb||0px|||\u00bb animation_style=\u00bbfade\u00bb global_colors_info=\u00bb{}\u00bb]<\/p>\n<h2><span>\u00bfCu\u00e1l es el rendimiento mensual?<\/span><\/h2>\n<p><span>El precio por noche y la tasa de ocupaci\u00f3n depende del tipo de apartamento y la zona donde est\u00e1 ubicado, una vez que te contactes con nosotros, realizaremos una evaluaci\u00f3n preliminar y te brindaremos una estimaci\u00f3n en base a nuestra experiencia.<\/span><\/p>\n<p><span style=\"color: #03035a;\"><\/span><\/p>\n<p>[\/et_pb_text][et_pb_text admin_label=\u00bbTitle\u00bb _builder_version=\u00bb4.16&#8243; text_font=\u00bbPoppins||||||||\u00bb text_text_color=\u00bbrgba(255,255,255,0.7)\u00bb text_font_size=\u00bb16px\u00bb text_line_height=\u00bb1.8em\u00bb header_font=\u00bb||||||||\u00bb header_2_font=\u00bbPoppins||||||||\u00bb header_2_font_size=\u00bb22px\u00bb header_2_line_height=\u00bb1.4em\u00bb background_layout=\u00bbdark\u00bb custom_margin=\u00bb|||\u00bb custom_padding=\u00bb||0px|||\u00bb animation_style=\u00bbfade\u00bb global_colors_info=\u00bb{}\u00bb]<\/p>\n<h2><span style=\"color: #03035a;\">\u00bfPuedo equipar mi departamento?<\/span><\/h2>\n<p><span style=\"color: #03035a;\">Si puedes equiparlo por tu cuenta, pero al contratar nuestro servicio de asesoramiento te aseguramos una experiencia consistente y de alta calidad para los hu\u00e9spedes, lo que contribuye a una mayor tasa de ocupaci\u00f3n y mayores beneficios.<\/span><\/p>\n<p><span style=\"color: #03035a;\"><\/span><\/p>\n<p>[\/et_pb_text][\/et_pb_column][et_pb_column type=\u00bb1_2&#8243; _builder_version=\u00bb4.16&#8243; custom_padding=\u00bb|||\u00bb global_colors_info=\u00bb{}\u00bb custom_padding__hover=\u00bb|||\u00bb][et_pb_text admin_label=\u00bbTitle\u00bb _builder_version=\u00bb4.23&#8243; text_font=\u00bbPoppins||||||||\u00bb text_text_color=\u00bbrgba(255,255,255,0.7)\u00bb text_font_size=\u00bb16px\u00bb text_line_height=\u00bb1.8em\u00bb header_font=\u00bb||||||||\u00bb header_2_font=\u00bbPoppins||||||||\u00bb header_2_font_size=\u00bb22px\u00bb header_2_line_height=\u00bb1.4em\u00bb background_color=\u00bb#03035a\u00bb background_layout=\u00bbdark\u00bb custom_margin=\u00bb|||\u00bb custom_padding=\u00bb|||\u00bb animation_style=\u00bbfade\u00bb global_colors_info=\u00bb{}\u00bb]<\/p>\n<h2><span>\u00bfQue otros gastos quedan a mi cargo?<\/span><\/h2>\n<p><span>El rendimiento mensual se paga neto una vez deducidos los honorarios, gastos de publicaci\u00f3n, limpieza y dem\u00e1s cuestiones. El propietario es responsable del pago de expensas, ABL, internet, luz y seguro de la unidad.<\/span><\/p>\n<p>[\/et_pb_text][et_pb_text admin_label=\u00bbTitle\u00bb _builder_version=\u00bb4.23&#8243; text_font=\u00bbPoppins||||||||\u00bb text_text_color=\u00bb#0432d8&#8243; text_font_size=\u00bb16px\u00bb text_line_height=\u00bb1.8em\u00bb header_font=\u00bb||||||||\u00bb header_2_font=\u00bbPoppins||||||||\u00bb header_2_font_size=\u00bb22px\u00bb header_2_line_height=\u00bb1.4em\u00bb background_layout=\u00bbdark\u00bb custom_margin=\u00bb|||\u00bb custom_padding=\u00bb|||\u00bb animation_style=\u00bbfade\u00bb global_colors_info=\u00bb{}\u00bb]<\/p>\n<h2><span style=\"color: #03035a;\">\u00bfCu\u00e1l es el r\u00e9gimen legal?<\/span><\/h2>\n<p><span><span style=\"color: #03035a;\">Se firma un contrato inicial de \u00abGerenciamiento de Alquiler Temporario\u00bb con el propietario por 120 d\u00edas, luego renovables mensualmente, donde se indican las obligaciones de las partes y el resto de las condiciones del servicio<\/span>.<\/span><\/p>\n<p>[\/et_pb_text][et_pb_text admin_label=\u00bbTitle\u00bb _builder_version=\u00bb4.23&#8243; text_font=\u00bbPoppins||||||||\u00bb text_text_color=\u00bbrgba(255,255,255,0.7)\u00bb text_font_size=\u00bb16px\u00bb text_line_height=\u00bb1.8em\u00bb header_font=\u00bb||||||||\u00bb header_2_font=\u00bbPoppins||||||||\u00bb header_2_font_size=\u00bb22px\u00bb header_2_line_height=\u00bb1.4em\u00bb background_color=\u00bb#03035a\u00bb background_layout=\u00bbdark\u00bb custom_margin=\u00bb|||\u00bb custom_padding=\u00bb|||\u00bb animation_style=\u00bbfade\u00bb global_colors_info=\u00bb{}\u00bb]<\/p>\n<h2><span>\u00bfCuales son los honorarios por el servicio de Administraci\u00f3n?<\/span><\/h2>\n<p><span>Los honorarios son del 20% sobre el importe neto de los gastos de la plataforma.<\/span><\/p>\n<p>[\/et_pb_text][et_pb_text admin_label=\u00bbTitle\u00bb _builder_version=\u00bb4.16&#8243; text_font=\u00bbPoppins||||||||\u00bb text_text_color=\u00bbrgba(255,255,255,0.7)\u00bb text_font_size=\u00bb16px\u00bb text_line_height=\u00bb1.8em\u00bb header_font=\u00bb||||||||\u00bb header_2_font=\u00bbPoppins||||||||\u00bb header_2_font_size=\u00bb22px\u00bb header_2_line_height=\u00bb1.4em\u00bb background_layout=\u00bbdark\u00bb custom_margin=\u00bb|||\u00bb custom_padding=\u00bb|||\u00bb animation_style=\u00bbfade\u00bb global_colors_info=\u00bb{}\u00bb]<\/p>\n<h2><span style=\"color: #03035a;\">\u00bfQu\u00e9 pasa si un inquilino da\u00f1a o se roba algo de la unidad?<\/span><\/h2>\n<p><span style=\"color: #03035a;\">Lo ideal es contratar un seguro que cubra los riesgos de la unidad. En el caso de <em><strong>Airbnb<\/strong><\/em>, la plataforma ofrece un seguro para cubrir los da\u00f1os ocasionados por los inquilinos.<\/span><\/p>\n<p>[\/et_pb_text][\/et_pb_column][\/et_pb_row][et_pb_row _builder_version=\u00bb4.23&#8243; _module_preset=\u00bbdefault\u00bb global_colors_info=\u00bb{}\u00bb][et_pb_column type=\u00bb4_4&#8243; _builder_version=\u00bb4.23&#8243; _module_preset=\u00bbdefault\u00bb global_colors_info=\u00bb{}\u00bb][et_pb_divider _builder_version=\u00bb4.23&#8243; _module_preset=\u00bbdefault\u00bb global_colors_info=\u00bb{}\u00bb][\/et_pb_divider][\/et_pb_column][\/et_pb_row][et_pb_row _builder_version=\u00bb4.16&#8243; global_colors_info=\u00bb{}\u00bb][et_pb_column type=\u00bb4_4&#8243; _builder_version=\u00bb4.16&#8243; custom_padding=\u00bb|||\u00bb global_colors_info=\u00bb{}\u00bb custom_padding__hover=\u00bb|||\u00bb][et_pb_heading title=\u00bbSi tenes m\u00e1s inquietudes no dudes en enviarnos tu mensaje.\u00bb _builder_version=\u00bb4.23&#8243; _module_preset=\u00bbdefault\u00bb title_text_align=\u00bbcenter\u00bb title_text_color=\u00bb#03035a\u00bb title_font_size=\u00bb22px\u00bb global_colors_info=\u00bb{}\u00bb][\/et_pb_heading][et_pb_button button_url=\u00bbhttps:\/\/rentica.com.ar\/index.php\/contacto\/\u00bb button_text=\u00bbCont\u00e1ctanos\u00bb button_alignment=\u00bbcenter\u00bb _builder_version=\u00bb4.23&#8243; custom_button=\u00bbon\u00bb button_text_size=\u00bb14px\u00bb button_text_color=\u00bb#03035a\u00bb button_bg_color=\u00bb#ffffff\u00bb button_border_width=\u00bb12px\u00bb button_border_color=\u00bb#ffffff\u00bb button_letter_spacing=\u00bb2px\u00bb button_font=\u00bbPoppins|600||on|||||\u00bb button_icon=\u00bb&#x24;||divi||400&#8243; hover_enabled=\u00bb0&#8243; locked=\u00bboff\u00bb global_colors_info=\u00bb{}\u00bb button_text_size__hover_enabled=\u00bboff\u00bb button_one_text_size__hover_enabled=\u00bboff\u00bb button_two_text_size__hover_enabled=\u00bboff\u00bb button_text_color__hover_enabled=\u00bboff\u00bb button_one_text_color__hover_enabled=\u00bboff\u00bb button_two_text_color__hover_enabled=\u00bboff\u00bb button_border_width__hover_enabled=\u00bboff\u00bb button_one_border_width__hover_enabled=\u00bboff\u00bb button_two_border_width__hover_enabled=\u00bboff\u00bb button_border_color__hover_enabled=\u00bboff\u00bb button_one_border_color__hover_enabled=\u00bboff\u00bb button_two_border_color__hover_enabled=\u00bboff\u00bb button_border_radius__hover_enabled=\u00bboff\u00bb button_one_border_radius__hover_enabled=\u00bboff\u00bb button_two_border_radius__hover_enabled=\u00bboff\u00bb button_letter_spacing__hover_enabled=\u00bboff\u00bb button_one_letter_spacing__hover_enabled=\u00bboff\u00bb button_two_letter_spacing__hover_enabled=\u00bboff\u00bb button_bg_color__hover_enabled=\u00bboff\u00bb button_one_bg_color__hover_enabled=\u00bboff\u00bb button_two_bg_color__hover_enabled=\u00bboff\u00bb sticky_enabled=\u00bb0&#8243;][\/et_pb_button][\/et_pb_column][\/et_pb_row][\/et_pb_section]<\/p>\n","protected":false},"excerpt":{"rendered":"<p>\u00bfQu\u00e9 medios utilizar\u00e1n para concretar el alquiler? Se publicar\u00e1 por la plataforma Airbnb y otras plataformas de alquiler temporario.\u00bfTengo que abrir una cuenta en las diferentes plataformas? No, publicamos todo en nuestra cuenta y mensualmente realizamos la rendici\u00f3n de tu unidad.\u00bfCu\u00e1l es el rendimiento mensual? El precio por noche y la tasa de ocupaci\u00f3n depende [&hellip;]<\/p>\n","protected":false},"author":1,"featured_media":0,"parent":0,"menu_order":0,"comment_status":"closed","ping_status":"closed","template":"","meta":{"_et_pb_use_builder":"on","_et_pb_old_content":"","_et_gb_content_width":"","footnotes":""},"class_list":["post-1002","page","type-page","status-publish","hentry"],"_links":{"self":[{"href":"https:\/\/rentica.com.ar\/index.php\/wp-json\/wp\/v2\/pages\/1002","targetHints":{"allow":["GET"]}}],"collection":[{"href":"https:\/\/rentica.com.ar\/index.php\/wp-json\/wp\/v2\/pages"}],"about":[{"href":"https:\/\/rentica.com.ar\/index.php\/wp-json\/wp\/v2\/types\/page"}],"author":[{"embeddable":true,"href":"https:\/\/rentica.com.ar\/index.php\/wp-json\/wp\/v2\/users\/1"}],"replies":[{"embeddable":true,"href":"https:\/\/rentica.com.ar\/index.php\/wp-json\/wp\/v2\/comments?post=1002"}],"version-history":[{"count":23,"href":"https:\/\/rentica.com.ar\/index.php\/wp-json\/wp\/v2\/pages\/1002\/revisions"}],"predecessor-version":[{"id":1177,"href":"https:\/\/rentica.com.ar\/index.php\/wp-json\/wp\/v2\/pages\/1002\/revisions\/1177"}],"wp:attachment":[{"href":"https:\/\/rentica.com.ar\/index.php\/wp-json\/wp\/v2\/media?parent=1002"}],"curies":[{"name":"wp","href":"https:\/\/api.w.org\/{rel}","templated":true}]}}